{"id":1476,"date":"2018-01-15T22:59:09","date_gmt":"2018-01-16T03:59:09","guid":{"rendered":"http:\/\/casem-acmse.org\/?page_id=1476"},"modified":"2025-09-24T14:03:00","modified_gmt":"2025-09-24T18:03:00","slug":"diplome-de-mse","status":"publish","type":"page","link":"https:\/\/www.casem-acmse.org\/fr\/education\/diplome-de-mse\/","title":{"rendered":"Dipl\u00f4me de MSE"},"content":{"rendered":"<p>Les m\u00e9decins pratiquants \u00e0 l\u2019ext\u00e9rieur du Canada doivent \u00eatre en possession d\u2019un permis de travail de leur pays et r\u00e9pondre aux crit\u00e8res ci-dessus. Tous ceux qui sont int\u00e9ress\u00e9s \u00e0 passer l\u2019examen doivent soumettre un formulaire de demande avec les honoraires appropri\u00e9s avant la date limite annonc\u00e9e.<\/p>\n<p>Veuillez noter que les demandes sont accept\u00e9es tout au long de l\u2019ann\u00e9e.\u00a0Une demande est seulement accept\u00e9e si le candidat est\u00a0<strong>membre actif<\/strong>\u00a0de l\u2019ACMSE.<\/p>\n<p>Les candidats qui ont r\u00e9ussi l\u2019examen peuvent employer le nom Dip. M\u00e9d. Sport comme nominal.<\/p>\n<p><em><b>NOTEZ : L\u2019utilisation de cette d\u00e9signation est d\u00e9pendante de l\u2019adh\u00e9sion continuelle \u00e0 l\u2019Acad\u00e9mie canadienne de m\u00e9decine de sport et de l\u2019exercice. Le dipl\u00f4me de m\u00e9decine de sport et de l\u2019exercice est consid\u00e9r\u00e9 un privil\u00e8ge accord\u00e9 par l\u2019Acad\u00e9mie canadienne de la m\u00e9decine de sport et de l\u2019exercice \u00e0 ses membres.<\/b><\/em><\/p>\n<p>L\u2019adh\u00e9sion continue \u00e0 l\u2019Acad\u00e9mie est n\u00e9cessaire pour la demande d\u2019assister \u00e0 l\u2019examen et est une condition absolue \u00e0 maintenir la d\u00e9signation en tant que diplomate dans la m\u00e9decine de sport et de l\u2019exercice. Les candidats qui n\u2019ont pas r\u00e9ussi l\u2019examen sont encourag\u00e9s \u00e0 reprendre l\u2019examen l\u2019ann\u00e9e suivante. Ces candidats n\u2019ont pas besoin de r\u00e9admettre un formulaire de demande mais sont demand\u00e9s d\u2019envoyer une lettre d\u2019intention (par courrier ou courriel) \u00e0 reprendre l\u2019examen avant la date\u00a0limite d\u2019application de l\u2019examen. Les frais de l\u2019examen doivent accompagner cette lettre.<\/p>\n<h3 style=\"text-align: left;\">Sport and Exercise Medicine Diploma Exam<\/h3>\n<h2 style=\"text-align: left;\"><strong><span style=\"text-decoration: underline; color: #ff0000;\">2018 Exam<\/span><span style=\"text-decoration: underline; color: #ff0000;\"><br \/>\n<\/span><\/strong><\/h2>\n<address><b>Date:<\/b>\u00a0<span style=\"color: #ff0000;\"><b>April 29th 2018<\/b><\/span><\/address>\n<address><b>Location:\u00a0<\/b><strong><span style=\"color: #ff0000;\">Glen Sather Clinic &#8211; Edmonton, AB<\/span><\/strong><\/address>\n<address>\u00a0<\/address>\n<address><span style=\"text-decoration: underline;\"><span style=\"color: #800000; text-decoration: underline;\">Application for priority deadline is December 31, 2017 &#8211; Priority is given to fellows and candidates re-sitting the exam.\u00a0<\/span><\/span><\/address>\n<address><span style=\"color: #800000;\"><br \/>\n<\/span><strong>General Information<\/strong><\/address>\n<p style=\"text-align: justify;\">Please submit the exam application form complete with the signature of the applicant, the application fee and a passport-style photograph of the applicant as well as all the required documents requested in the application form and eligibility requirements. At the time of the exam application CASEM will charge a <strong>$200.00 exam\u00a0 non-refundable administration fee. <\/strong>The administration fee will be deducted from the exam fee once your application has been accepted and the balance of the exam fee at the exam priority application deadline.<\/p>\n<p style=\"text-align: justify;\"><strong>The exam application fee is $1500.00 CDN<\/strong>. Examination candidates will be accepted on a \u00ab\u00a0first come first served\u00a0\u00bb basis. Every second exam, accommodations will be made for candidates to write the exam in French provided that a minimum number of francophone candidates are reached (12). The exam will be offered in French, regardless of number of candidates, at least every 4 exams. Priority is given, <em><b>at the time of the application deadline<\/b><\/em>, to fellows registered in Sport Medicine fellowship programs (provided they have completed their program at the time of the date of examination otherwise applications will be received on a first-come first-served basis) and those who have failed the previous year.\u00a0 The applicants accepted for examination will be notified by the CASEM Executive Director, and will be provided with information about the centre where he\/she will take the examination.<\/p>\n<p style=\"text-align: justify;\">Please note, in the event that an applicant qualifies to sit the examination but is unable, for whatever reason, to sit the exam, the\u00a0<a href=\"http:\/\/casem-acmse.org\/wp-content\/uploads\/2013\/07\/Refund-Policy.-Standard.pdf\">refund policy<\/a>\u00a0will apply.\u00a0 Future applications to sit the examination can be made upon payment of the appropriate application fee.<\/p>\n<h3 style=\"text-align: justify;\"><strong>Exam Application Form<\/strong><\/h3>\n<p><span style=\"text-decoration: underline;\"><span style=\"color: #000080;\"><strong><a style=\"color: #000080; text-decoration: underline;\" href=\"http:\/\/casem-acmse.org\/wp-content\/uploads\/2017\/06\/Application-Form-standard-2018.pdf\">Application Form &#8211; 201<\/a>8<\/strong><\/span><\/span><br \/>\nYou can e-mail your application form to Rebecca Menard &#8211; rmenard@casem-acmse.org<br \/>\nFax it in to 613-912-0128 OR<br \/>\nmail it in to CASEM &#8211; Suite 300-55 Metcalfe St, Ottawa, ON K1P 6L5<\/p>\n<h3 style=\"text-align: justify;\"><strong>FAQ<\/strong><\/h3>\n<p><span style=\"text-decoration: underline;\"><span style=\"color: #000080;\"><strong><a style=\"color: #000080; text-decoration: underline;\" href=\"http:\/\/casem-acmse.org\/wp-content\/uploads\/2017\/06\/FAQ.Standard.pdf\">Frequently asked questions about the CASEM Diploma<\/a><\/strong><\/span><\/span><\/p>\n<p style=\"text-align: justify;\">List of <span style=\"text-decoration: underline;\"><span style=\"color: #000080;\"><a style=\"color: #000080; text-decoration: underline;\" href=\"http:\/\/casem-acmse.org\/wp-content\/uploads\/2016\/08\/Fellowship-Core-Competencies.pdf\">Fellowship Core Competencies<\/a><\/span><\/span><\/p>\n<h3 style=\"text-align: justify;\"><strong>Information and Exam Appeal Process<\/strong><\/h3>\n<h3 style=\"text-align: justify;\">The Examination<\/h3>\n<p style=\"text-align: justify;\">The examination is predominantly conducted using OSCE situations but other forms of examination can be used as well, i.e. multiple choice or short answer questions. These are designed to simulate, accurately as possible, situations that are likely to arise in the context of the practice of clinical sport medicine. They are designed to evaluate and assess not only knowledge, but also clinical skills and behavior.<\/p>\n<p style=\"text-align: justify;\">Applicants who have been involved in the clinical practice of sport medicine, are familiar with the current literature, have participated in ongoing CME activities in this area, and who are aware of contemporary issues in sport medicine are ideal candidates for the examination.<\/p>\n<h3 style=\"text-align: justify;\">Eligibility<\/h3>\n<h5 style=\"text-align: justify;\"><strong>Candidates for the CASEM Diploma Examination in Sport Medicine must meet the following criteria:<\/strong><\/h5>\n<p style=\"text-align: justify;\">click here for <span style=\"text-decoration: underline;\"><span style=\"color: #0000ff;\"><strong><a style=\"color: #0000ff; text-decoration: underline;\" href=\"http:\/\/casem-acmse.org\/wp-content\/uploads\/2017\/08\/Eligibility-Criteria-English.pdf\">eligibilty criteria<\/a><\/strong><\/span><\/span><\/p>\n<p style=\"text-align: justify;\">A list of the Core Competencies for a Sport Medicine Fellowship can be found above under the FAQ section.<\/p>\n<p style=\"text-align: justify;\">Physicians practicing outside Canada must be licensed to practice in their country or residence and fulfill the criteria noted above.<\/p>\n<p style=\"text-align: justify;\">All who are interested in sitting the Exam should submit an application form with the appropriate fee by the announced deadline).\u00a0 Please note that applications are accepted throughout the year, on a first-come, first-serve basis. The Credentials Committee reviews applications periodically throughout the year, as required. Applications will not be considered complete unless the candidate is a member in good standing of the Academy.<\/p>\n<p style=\"text-align: justify;\">Successful candidates may use Dip. Sport Med. as a nominal.<\/p>\n<p style=\"text-align: justify;\"><strong>NOTE: The use of this designation is contingent upon ongoing membership in the Canadian Academy of Sport and Exercise Medicine.\u00a0<\/strong><\/p>\n<p style=\"text-align: justify;\"><strong>The Diploma in Sport and Exercise Medicine is considered a privilege granted by the Canadian Academy of Sport and Exercise Medicine to its members. Active membership in the Academy is a necessary prerequisite to sitting the exam and an absolute requirement to maintaining the designation as a Diplomat in Sport and Exercise Medicine.<\/strong><\/p>\n<p style=\"text-align: justify;\">Candidates unsuccessful in passing the examination in previous years are encouraged to repeat the examination in a subsequent year. Such candidates need not submit an application form but must submit a letter of intent to sit the examination no later than the specified application deadline date for that year. The application fee has to accompany this letter.<\/p>\n","protected":false},"excerpt":{"rendered":"<p>Les m\u00e9decins pratiquants \u00e0 l\u2019ext\u00e9rieur du Canada doivent \u00eatre en possession d\u2019un permis de travail de leur pays et r\u00e9pondre aux crit\u00e8res ci-dessus. Tous ceux qui sont int\u00e9ress\u00e9s \u00e0 passer l\u2019examen doivent soumettre un formulaire de demande avec les honoraires appropri\u00e9s avant la date limite annonc\u00e9e. Veuillez noter que les demandes sont accept\u00e9es tout au &hellip; <\/p>\n","protected":false},"author":1,"featured_media":0,"parent":1469,"menu_order":1,"comment_status":"closed","ping_status":"closed","template":"","meta":{"_acf_changed":false,"footnotes":""},"class_list":["post-1476","page","type-page","status-publish","hentry"],"acf":[],"_links":{"self":[{"href":"https:\/\/www.casem-acmse.org\/fr\/wp-json\/wp\/v2\/pages\/1476","targetHints":{"allow":["GET"]}}],"collection":[{"href":"https:\/\/www.casem-acmse.org\/fr\/wp-json\/wp\/v2\/pages"}],"about":[{"href":"https:\/\/www.casem-acmse.org\/fr\/wp-json\/wp\/v2\/types\/page"}],"author":[{"embeddable":true,"href":"https:\/\/www.casem-acmse.org\/fr\/wp-json\/wp\/v2\/users\/1"}],"replies":[{"embeddable":true,"href":"https:\/\/www.casem-acmse.org\/fr\/wp-json\/wp\/v2\/comments?post=1476"}],"version-history":[{"count":5,"href":"https:\/\/www.casem-acmse.org\/fr\/wp-json\/wp\/v2\/pages\/1476\/revisions"}],"predecessor-version":[{"id":55717,"href":"https:\/\/www.casem-acmse.org\/fr\/wp-json\/wp\/v2\/pages\/1476\/revisions\/55717"}],"up":[{"embeddable":true,"href":"https:\/\/www.casem-acmse.org\/fr\/wp-json\/wp\/v2\/pages\/1469"}],"wp:attachment":[{"href":"https:\/\/www.casem-acmse.org\/fr\/wp-json\/wp\/v2\/media?parent=1476"}],"curies":[{"name":"wp","href":"https:\/\/api.w.org\/{rel}","templated":true}]}}