{"id":58561,"date":"2026-04-07T08:01:13","date_gmt":"2026-04-07T12:01:13","guid":{"rendered":"https:\/\/www.casem-acmse.org\/?post_type=product&#038;p=58561"},"modified":"2026-04-10T14:12:43","modified_gmt":"2026-04-10T18:12:43","slug":"are-your-finances-supporting-the-life-you-want","status":"publish","type":"product","link":"https:\/\/www.casem-acmse.org\/fr\/product\/are-your-finances-supporting-the-life-you-want\/","title":{"rendered":"Are Your Finances Supporting the Life You Want?"},"content":{"rendered":"","protected":false},"excerpt":{"rendered":"<p>Note this is an unaccredited event<\/p>\n<p><strong>Friday, May 1<sup>th<\/sup> | 12:00pm-1:15pm<\/strong><\/p>\n<p><strong>Location: Mt. Boucherie Room | 1st Floor of the Delta Grand Okanagan Resort<\/strong><\/p>\n<p><em>Sponsored by MD Financial Management<br \/>\n<\/em><\/p>\n<hr \/>\n<p>As a sports medicine physician, you help others perform at their peak \u2013 but is your financial life built for the same level of performance? This dynamic, interactive session challenges you to think beyond income and explore how strategic financial decisions can reduce pressure, increase flexibility, and give you greater control over your time, career, and future.<\/p>\n<p>Spaces are limited!<\/p>\n<hr \/>\n<p><strong>Vos finances vous permettent-elles de vivre la vie que vous souhaitez?<\/strong><\/p>\n<p>Description: Comme m\u00e9decin du sport, vous aidez les autres \u00e0 performer au plus haut niveau. Et si vos finances faisaient de m\u00eame pour vous? Cette s\u00e9ance dynamique et interactive vous pousse \u00e0 penser plus loin que les revenus pour voir comment des d\u00e9cisions financi\u00e8res strat\u00e9giques peuvent all\u00e9ger la pression, accro\u00eetre la flexibilit\u00e9 et vous donner plus de pouvoir sur votre temps, votre carri\u00e8re et votre avenir. Espaces limit\u00e9es!<\/p>\n","protected":false},"featured_media":0,"template":"","meta":{"_acf_changed":false},"product_brand":[],"product_cat":[21],"product_tag":[],"class_list":{"0":"post-58561","1":"product","2":"type-product","3":"status-publish","5":"product_cat-uncategorized","7":"first","8":"instock","9":"sold-individually","10":"shipping-taxable","11":"purchasable","12":"product-type-simple"},"exclude_global_add_ons":[],"addons":[],"acf":[],"_links":{"self":[{"href":"https:\/\/www.casem-acmse.org\/fr\/wp-json\/wp\/v2\/product\/58561","targetHints":{"allow":["GET"]}}],"collection":[{"href":"https:\/\/www.casem-acmse.org\/fr\/wp-json\/wp\/v2\/product"}],"about":[{"href":"https:\/\/www.casem-acmse.org\/fr\/wp-json\/wp\/v2\/types\/product"}],"wp:attachment":[{"href":"https:\/\/www.casem-acmse.org\/fr\/wp-json\/wp\/v2\/media?parent=58561"}],"wp:term":[{"taxonomy":"product_brand","embeddable":true,"href":"https:\/\/www.casem-acmse.org\/fr\/wp-json\/wp\/v2\/product_brand?post=58561"},{"taxonomy":"product_cat","embeddable":true,"href":"https:\/\/www.casem-acmse.org\/fr\/wp-json\/wp\/v2\/product_cat?post=58561"},{"taxonomy":"product_tag","embeddable":true,"href":"https:\/\/www.casem-acmse.org\/fr\/wp-json\/wp\/v2\/product_tag?post=58561"}],"curies":[{"name":"wp","href":"https:\/\/api.w.org\/{rel}","templated":true}]}}